{"id":88,"date":"2012-03-02T16:41:23","date_gmt":"2012-03-02T19:41:23","guid":{"rendered":"http:\/\/pnlyexito.com\/blog\/?page_id=88"},"modified":"2013-12-11T17:57:32","modified_gmt":"2013-12-11T20:57:32","slug":"tecnicas-de-pnl","status":"publish","type":"page","link":"https:\/\/pnlyexito.com\/blog\/tecnicas-de-pnl\/","title":{"rendered":"T\u00e9cnicas de PNL"},"content":{"rendered":"<p style=\"text-align: justify;\">En <a title=\"Que es la PNL\" href=\"http:\/\/pnlyexito.com\/blog\/que-es-la-pnl\/\">PNL<\/a> existen muchas t\u00e9cnicas, algunas parecidas entre s\u00ed, otras muy diferentes. En las pr\u00f3ximas l\u00edneas encontrar\u00e1s un <strong>listado de las t\u00e9cnicas m\u00e1s b\u00e1sicas, pero al mismo tiempo las m\u00e1s poderosas, siendo las que se utilizan en la mayor\u00eda de los casos<\/strong> para obtener beneficios tanto en el \u00e1rea de la salud (mental y f\u00edsica) o del desarrollo personal y \u00e9xito.<\/p>\n<p style=\"text-align: justify;\" align=\"JUSTIFY\">Revisa peri\u00f3dicamente este blog, pues poco a poco ir\u00e9 subiendo m\u00e1s material audiovisual, para que una vez que aprendas la teor\u00eda, podamos juntos iniciar la pr\u00e1ctica de estos contenidos. Ingresa tu correo en la columna de la derecha para poder mantenerte actualizad@.<\/p>\n<p><strong>LISTADO DE T\u00c9CNICAS DE PNL Y SU PRINCIPAL UTILIDAD<\/strong><\/p>\n<p>1)\u00a0<a title=\"Estrategias de PNL\" href=\"http:\/\/pnlyexito.com\/blog\/tecnicas-de-pnl\/estrategias-de-pnl\/\">Estrategias de PNL<\/a>\u00a0y Coaching: Principios generales de las t\u00e9cnicas.<br \/>\n2)\u00a0<a title=\"Rapport\" href=\"http:\/\/pnlyexito.com\/blog\/tecnicas-de-pnl\/pnl-rapport\/\">Rapport psicol\u00f3gico<\/a>: Permite establecer empat\u00eda y eventualmente manipular.<br \/>\n3)\u00a0<a title=\"Accesos oculares\" href=\"http:\/\/pnlyexito.com\/blog\/tecnicas-de-pnl\/accesos-oculares\/\">Accesos Oculares<\/a>: Para hacer Rapport o sencillamente entender mejor a las personas.<br \/>\n4)\u00a0<a title=\"Anclas con PNL\" href=\"http:\/\/pnlyexito.com\/blog\/tecnicas-de-pnl\/anclas-con-pnl\/\">Anclas con PNL<\/a>: Obtenci\u00f3n del control de tu propio estado interno y eventualmente el de los dem\u00e1s.<br \/>\n5)\u00a0<a title=\"creencias limitantes\" href=\"http:\/\/pnlyexito.com\/blog\/tecnicas-de-pnl\/creencias-limitantes\/\">Identificaci\u00f3n y cambio de creencias<\/a>: Cambiar conflictos internos, eliminar al saboteador interno. Mantener una <a title=\"la congruencia\" href=\"http:\/\/pnlyexito.com\/blog\/pnl-y-coaching\/la-congruencia\/\">mente congruente<\/a><\/p>\n<p>En el libro PNL para Principiantes encontrar\u00e1s las t\u00e9cnicas de PNL descritas con mayor detalle, tanto los aspectos te\u00f3ricos como los pr\u00e1cticos.<\/p>\n<p>Deja tu comentario aqu\u00ed abajo, lo estar\u00e9 respondiendo personalmente.<\/p>\n<p>&nbsp;<\/p>\n<p>Un saludo cordial,<br \/>\nFrancisco Astorga A.<\/p>\n","protected":false},"excerpt":{"rendered":"<p>En PNL existen muchas t\u00e9cnicas, algunas parecidas entre s\u00ed, otras muy diferentes. En las pr\u00f3ximas l\u00edneas encontrar\u00e1s un listado de las t\u00e9cnicas m\u00e1s b\u00e1sicas, pero al mismo tiempo las m\u00e1s poderosas, siendo las que se utilizan en la mayor\u00eda de los casos para obtener beneficios tanto en el \u00e1rea de la salud (mental y f\u00edsica) [&hellip;]<\/p>\n","protected":false},"author":1,"featured_media":91,"parent":0,"menu_order":1,"comment_status":"open","ping_status":"open","template":"","meta":{"_et_pb_use_builder":"","_et_pb_old_content":"","_et_gb_content_width":"","_uag_custom_page_level_css":"","_monsterinsights_skip_tracking":false,"_monsterinsights_sitenote_active":false,"_monsterinsights_sitenote_note":"","_monsterinsights_sitenote_category":0,"footnotes":""},"aioseo_notices":[],"uagb_featured_image_src":{"full":["https:\/\/i0.wp.com\/pnlyexito.com\/blog\/wp-content\/uploads\/2012\/03\/tecnica.jpg?fit=240%2C210&ssl=1",240,210,false],"thumbnail":["https:\/\/i0.wp.com\/pnlyexito.com\/blog\/wp-content\/uploads\/2012\/03\/tecnica.jpg?resize=150%2C150&ssl=1",150,150,true],"medium":["https:\/\/i0.wp.com\/pnlyexito.com\/blog\/wp-content\/uploads\/2012\/03\/tecnica.jpg?fit=240%2C210&ssl=1",240,210,true],"medium_large":["https:\/\/i0.wp.com\/pnlyexito.com\/blog\/wp-content\/uploads\/2012\/03\/tecnica.jpg?fit=240%2C210&ssl=1",240,210,true],"large":["https:\/\/i0.wp.com\/pnlyexito.com\/blog\/wp-content\/uploads\/2012\/03\/tecnica.jpg?fit=200%2C175&ssl=1",200,175,true],"1536x1536":["https:\/\/i0.wp.com\/pnlyexito.com\/blog\/wp-content\/uploads\/2012\/03\/tecnica.jpg?fit=240%2C210&ssl=1",240,210,true],"2048x2048":["https:\/\/i0.wp.com\/pnlyexito.com\/blog\/wp-content\/uploads\/2012\/03\/tecnica.jpg?fit=240%2C210&ssl=1",240,210,true],"et-pb-post-main-image":["https:\/\/i0.wp.com\/pnlyexito.com\/blog\/wp-content\/uploads\/2012\/03\/tecnica.jpg?resize=240%2C210&ssl=1",240,210,true],"et-pb-post-main-image-fullwidth":["https:\/\/i0.wp.com\/pnlyexito.com\/blog\/wp-content\/uploads\/2012\/03\/tecnica.jpg?resize=240%2C210&ssl=1",240,210,true],"et-pb-portfolio-image":["https:\/\/i0.wp.com\/pnlyexito.com\/blog\/wp-content\/uploads\/2012\/03\/tecnica.jpg?resize=240%2C210&ssl=1",240,210,true],"et-pb-portfolio-module-image":["https:\/\/i0.wp.com\/pnlyexito.com\/blog\/wp-content\/uploads\/2012\/03\/tecnica.jpg?resize=240%2C210&ssl=1",240,210,true],"et-pb-portfolio-image-single":["https:\/\/i0.wp.com\/pnlyexito.com\/blog\/wp-content\/uploads\/2012\/03\/tecnica.jpg?fit=240%2C210&ssl=1",240,210,true],"et-pb-gallery-module-image-portrait":["https:\/\/i0.wp.com\/pnlyexito.com\/blog\/wp-content\/uploads\/2012\/03\/tecnica.jpg?resize=240%2C210&ssl=1",240,210,true],"et-pb-post-main-image-fullwidth-large":["https:\/\/i0.wp.com\/pnlyexito.com\/blog\/wp-content\/uploads\/2012\/03\/tecnica.jpg?resize=240%2C210&ssl=1",240,210,true],"et-pb-image--responsive--desktop":["https:\/\/i0.wp.com\/pnlyexito.com\/blog\/wp-content\/uploads\/2012\/03\/tecnica.jpg?resize=240%2C210&ssl=1",240,210,true],"et-pb-image--responsive--tablet":["https:\/\/i0.wp.com\/pnlyexito.com\/blog\/wp-content\/uploads\/2012\/03\/tecnica.jpg?resize=240%2C210&ssl=1",240,210,true],"et-pb-image--responsive--phone":["https:\/\/i0.wp.com\/pnlyexito.com\/blog\/wp-content\/uploads\/2012\/03\/tecnica.jpg?resize=240%2C210&ssl=1",240,210,true]},"uagb_author_info":{"display_name":"Francisco Astorga","author_link":"https:\/\/pnlyexito.com\/blog\/author\/francastorga\/"},"uagb_comment_info":33,"uagb_excerpt":"En PNL existen muchas t\u00e9cnicas, algunas parecidas entre s\u00ed, otras muy diferentes. En las pr\u00f3ximas l\u00edneas encontrar\u00e1s un listado de las t\u00e9cnicas m\u00e1s b\u00e1sicas, pero al mismo tiempo las m\u00e1s poderosas, siendo las que se utilizan en la mayor\u00eda de los casos para obtener beneficios tanto en el \u00e1rea de la salud (mental y f\u00edsica)&hellip;","jetpack_sharing_enabled":true,"jetpack_likes_enabled":true,"_links":{"self":[{"href":"https:\/\/pnlyexito.com\/blog\/wp-json\/wp\/v2\/pages\/88"}],"collection":[{"href":"https:\/\/pnlyexito.com\/blog\/wp-json\/wp\/v2\/pages"}],"about":[{"href":"https:\/\/pnlyexito.com\/blog\/wp-json\/wp\/v2\/types\/page"}],"author":[{"embeddable":true,"href":"https:\/\/pnlyexito.com\/blog\/wp-json\/wp\/v2\/users\/1"}],"replies":[{"embeddable":true,"href":"https:\/\/pnlyexito.com\/blog\/wp-json\/wp\/v2\/comments?post=88"}],"version-history":[{"count":5,"href":"https:\/\/pnlyexito.com\/blog\/wp-json\/wp\/v2\/pages\/88\/revisions"}],"predecessor-version":[{"id":96,"href":"https:\/\/pnlyexito.com\/blog\/wp-json\/wp\/v2\/pages\/88\/revisions\/96"}],"wp:featuredmedia":[{"embeddable":true,"href":"https:\/\/pnlyexito.com\/blog\/wp-json\/wp\/v2\/media\/91"}],"wp:attachment":[{"href":"https:\/\/pnlyexito.com\/blog\/wp-json\/wp\/v2\/media?parent=88"}],"curies":[{"name":"wp","href":"https:\/\/api.w.org\/{rel}","templated":true}]}}